{"id":7985,"date":"2020-07-23T15:43:11","date_gmt":"2020-07-23T13:43:11","guid":{"rendered":"https:\/\/galaxyprojects.nl\/elitecarcare\/?post_type=product&#038;p=7985"},"modified":"2023-06-14T10:13:23","modified_gmt":"2023-06-14T08:13:23","slug":"detailing-kingdom-leather-kit","status":"publish","type":"product","link":"https:\/\/galaxyprojects.nl\/elitecarcare\/detailing-kingdom-leather-kit\/","title":{"rendered":"Detailing Kingdom Leather kit | Leer onderhoud set"},"content":{"rendered":"<ul>\n<li>Reinig, voedt en bescherm je leer<\/li>\n<li>Gezond en mooi leer<\/li>\n<li>Perfect op elkaar afgestemd<\/li>\n<\/ul>\n<div class=\"elementor-element elementor-element-18a83b2 elementor-widget elementor-widget-text-editor\" data-id=\"18a83b2\" data-element_type=\"widget\" data-widget_type=\"text-editor.default\">\n<div class=\"elementor-widget-container\">\n<div class=\"elementor-text-editor elementor-clearfix\"><strong>De Detailing Kingdom Leather kit<\/strong> combineert de perfect op elkaar afgestemde producten van de lederverzorging range van Detailing Kingdom in \u00e9\u00e9n voordeelbundel. Met de Skin Wash reinig je het leer en haal je alle vettigheid en vuiligheid uit de pori\u00ebn van het leer. De Skin Serum zorgt voor de voeding van het leer om hem in topstaat te brengen. De Skin Armour zorgt er dan voor dat het resultaat ook lange tijd mooi blijft.<\/div>\n<\/div>\n<\/div>\n<p><strong>In het pakket zit:<\/strong><\/p>\n<ul>\n<li><a href=\"https:\/\/galaxyprojects.nl\/elitecarcare\/detailing-kingdom-skin-wash-nue-250ml\/\">Detailing Kingdom Skin Wash <\/a>Forte &#8211; 250 ml<\/li>\n<li><a href=\"https:\/\/galaxyprojects.nl\/elitecarcare\/detailing-kingdom-skinserum-250ml\/\">Detailing Kingdom Skin Serum<\/a> &#8211; 250 ml<\/li>\n<li><a href=\"https:\/\/galaxyprojects.nl\/elitecarcare\/detailing-kingdom-skin-armour-100ml\/\">Detailing Kingdom Skin Armour<\/a> &#8211; 100 ml<\/li>\n<li>Carchimp Leather Brush<\/li>\n<\/ul>\n","protected":false},"excerpt":{"rendered":"<ul>\n<li>Reinig, voedt en bescherm je leer<\/li>\n<li>Gezond en mooi leer<\/li>\n<li>Perfect op elkaar afgestemd<\/li>\n<\/ul>\n","protected":false},"featured_media":7981,"comment_status":"open","ping_status":"closed","template":"","meta":{"_acf_changed":false},"product_cat":[35,431,432,51,496],"product_tag":[482,208,490,462],"acf":[],"_links":{"self":[{"href":"https:\/\/galaxyprojects.nl\/elitecarcare\/wp-json\/wp\/v2\/product\/7985"}],"collection":[{"href":"https:\/\/galaxyprojects.nl\/elitecarcare\/wp-json\/wp\/v2\/product"}],"about":[{"href":"https:\/\/galaxyprojects.nl\/elitecarcare\/wp-json\/wp\/v2\/types\/product"}],"replies":[{"embeddable":true,"href":"https:\/\/galaxyprojects.nl\/elitecarcare\/wp-json\/wp\/v2\/comments?post=7985"}],"wp:featuredmedia":[{"embeddable":true,"href":"https:\/\/galaxyprojects.nl\/elitecarcare\/wp-json\/wp\/v2\/media\/7981"}],"wp:attachment":[{"href":"https:\/\/galaxyprojects.nl\/elitecarcare\/wp-json\/wp\/v2\/media?parent=7985"}],"wp:term":[{"taxonomy":"product_cat","embeddable":true,"href":"https:\/\/galaxyprojects.nl\/elitecarcare\/wp-json\/wp\/v2\/product_cat?post=7985"},{"taxonomy":"product_tag","embeddable":true,"href":"https:\/\/galaxyprojects.nl\/elitecarcare\/wp-json\/wp\/v2\/product_tag?post=7985"}],"curies":[{"name":"wp","href":"https:\/\/api.w.org\/{rel}","templated":true}]}}