{"id":13647,"date":"2023-03-23T23:17:39","date_gmt":"2023-03-23T22:17:39","guid":{"rendered":"https:\/\/galaxyprojects.nl\/elitecarcare\/?post_type=product&#038;p=13647"},"modified":"2024-05-28T13:42:37","modified_gmt":"2024-05-28T11:42:37","slug":"deturner-coating-50ml","status":"publish","type":"product","link":"https:\/\/galaxyprojects.nl\/elitecarcare\/deturner-coating-50ml\/","title":{"rendered":"Deturner The Only Coating | Spray on Auto Coating &#8211; 50 ml"},"content":{"rendered":"<ul>\n<li>Eenvoudig aan te brengen<\/li>\n<li>Langdurige Bescherming voor je Auto<\/li>\n<li>Tot 20.000 km\/50 wasbeurten bescherming.<\/li>\n<\/ul>\n<p><strong>Deturner The Only Coating<\/strong> is een hoogwaardige beschermlaag voor lak, bestand tegen weersomstandigheden, microkrassen en agressieve chemicali\u00ebn.Bespaar tijd en geld met deze effici\u00ebnte, zelfreinigende coating. Deze coating is eenvoudig aan te brengen en blijft tot wel 20.000 km\/50 wasbeurten bescherming.<\/p>\n<h2>Ontdek de voordelen van de Deturner coating die uw autolak tot 12 maanden beschermt<\/h2>\n<p>De The Only Coating van Deturner is perfect voor zowel beginners als professionals. The Only Coating is zo ontworpen dat het gemakkelijk te gebruiken is, net als een Quick Detailer. Hij kan ook als toplaag over andere coatings worden aangebracht en zorgt voor een oppervlak dat bestand is tegen weersomstandigheden, microkrassen en UV-straling. The Only Coating is ook bestand tegen agressieve chemicali\u00ebn, waaronder zuren van PH 2 tot 12.<\/p>\n<p>Na het aanbrengen zorgt de beschermende coating voor een glad oppervlak dat het uiterlijk van de lak verbetert. Het resultaat is een zelfreinigend en hydrofoob effect dat tot 12 maanden of 20.000 km of 50 wasbeurten kan meegaan. Deze beschermende coating is ook zeer geschikt om de lak te beschermen tegen de elementen, waardoor het een uitstekende keuze is voor zowel amateurs als professionals.<\/p>\n<h2>Professionele Kwaliteit voor Thuisgebruik<\/h2>\n<p>The Only Coating is ontworpen om superieure bescherming te bieden aan gelakte oppervlakken, reflectoren, kunststoffen en beschermfolies of wraps. Het is bestand tegen chemicali\u00ebn met een pH-bereik van 2-12, waardoor zelfs de wasbox het niet kan deren. De coating is zeer effici\u00ebnt en slechts 20-30 ml is voldoende voor een middelgrote auto. Daarbij is maar \u00e9\u00e9n laag voldoende. Een tweede laag is dus niet nodig. Na 24 uur bindt de coating zich met de lak en vult eventuele microkrassen goed op. Bovendien kan de coating buiten worden aangebracht, waardoor The Only Coating gemakkelijk en handig in gebruik is.<\/p>\n","protected":false},"excerpt":{"rendered":"<ul>\n<li>Eenvoudig aan te brengen<\/li>\n<li>Langdurige Bescherming voor je Auto<\/li>\n<li>Tot 20.000 km\/50 wasbeurten bescherming.<\/li>\n<\/ul>\n","protected":false},"featured_media":13664,"comment_status":"open","ping_status":"closed","template":"","meta":{"_acf_changed":false},"product_cat":[90,1535,22,25],"product_tag":[],"acf":[],"_links":{"self":[{"href":"https:\/\/galaxyprojects.nl\/elitecarcare\/wp-json\/wp\/v2\/product\/13647"}],"collection":[{"href":"https:\/\/galaxyprojects.nl\/elitecarcare\/wp-json\/wp\/v2\/product"}],"about":[{"href":"https:\/\/galaxyprojects.nl\/elitecarcare\/wp-json\/wp\/v2\/types\/product"}],"replies":[{"embeddable":true,"href":"https:\/\/galaxyprojects.nl\/elitecarcare\/wp-json\/wp\/v2\/comments?post=13647"}],"wp:featuredmedia":[{"embeddable":true,"href":"https:\/\/galaxyprojects.nl\/elitecarcare\/wp-json\/wp\/v2\/media\/13664"}],"wp:attachment":[{"href":"https:\/\/galaxyprojects.nl\/elitecarcare\/wp-json\/wp\/v2\/media?parent=13647"}],"wp:term":[{"taxonomy":"product_cat","embeddable":true,"href":"https:\/\/galaxyprojects.nl\/elitecarcare\/wp-json\/wp\/v2\/product_cat?post=13647"},{"taxonomy":"product_tag","embeddable":true,"href":"https:\/\/galaxyprojects.nl\/elitecarcare\/wp-json\/wp\/v2\/product_tag?post=13647"}],"curies":[{"name":"wp","href":"https:\/\/api.w.org\/{rel}","templated":true}]}}